{"id":300,"date":"2020-01-24T17:11:53","date_gmt":"2020-01-24T17:11:53","guid":{"rendered":"http:\/\/ort.cua.uam.mx\/?page_id=300"},"modified":"2020-10-10T23:32:06","modified_gmt":"2020-10-10T23:32:06","slug":"testimonios","status":"publish","type":"page","link":"https:\/\/ort.cua.uam.mx\/?page_id=300","title":{"rendered":"TESTIMONIO EL SANACOCHE"},"content":{"rendered":"<div class=\"fusion-fullwidth fullwidth-box fusion-builder-row-1 nonhundred-percent-fullwidth non-hundred-percent-height-scrolling\" style=\"background-color: rgba(255,255,255,0);background-position: center center;background-repeat: no-repeat;padding-top:0px;padding-right:10%;padding-bottom:0px;padding-left:10%;margin-bottom: 5%;margin-top: 0px;border-width: 0px 0px 0px 0px;border-color:#eae9e9;border-style:solid;\" ><div class=\"fusion-builder-row fusion-row\"><div class=\"fusion-layout-column fusion_builder_column fusion-builder-column-0 fusion_builder_column_1_1 1_1 fusion-one-full fusion-column-first fusion-column-last\" style=\"margin-top:0px;margin-bottom:20px;\"><div class=\"fusion-column-wrapper fusion-flex-column-wrapper-legacy\" style=\"background-position:left top;background-repeat:no-repeat;-webkit-background-size:cover;-moz-background-size:cover;-o-background-size:cover;background-size:cover;padding: 0px 10% 0px 10%;\"><style type=\"text\/css\"><\/style><div class=\"fusion-title title fusion-title-1 fusion-sep-none fusion-title-text fusion-title-size-one\" style=\"margin-top:0px;margin-right:0px;margin-bottom:31px;margin-left:0px;\"><h1 class=\"title-heading-left\" style=\"margin:0;\"><h2><strong><span style=\"color: #ad509b;\">EL SANACOCHE<\/span><\/strong><\/h2><\/h1><\/div><div class=\"fusion-text fusion-text-1\"><p><strong>JAB\u00d3N NATURAL<\/strong><\/p>\n<p>Los lavaderos a un lado del manantial, eran el sitio en que las mujeres bajaban del pueblo a lavar. Ah\u00ed mismo secaban la ropa, colgada entre magueyes, tambi\u00e9n bajaban con los ni\u00f1os y los ba\u00f1aban en el manantial.<\/p>\n<p>Las mujeres usaban el <em>sanacoche<\/em> como jab\u00f3n natural que es una ra\u00edz, como el camote morado, pero m\u00e1s largo. Se mol\u00eda y se hac\u00eda un jab\u00f3n natural.<\/p>\n<p>En la actualidad los lavaderos se usan poco, pero a\u00fan hay mujeres encargadas de vigilar los lavaderos. Los d\u00edas 24 de junio la gente de San Pablo Chimalpa festeja ah\u00ed a San Juan, para eso, adornan con mo\u00f1os de colores el lavadero y acostumbran ba\u00f1arse ah\u00ed.<\/p>\n<\/div><div class=\"fusion-sep-clear\"><\/div><div class=\"fusion-separator fusion-full-width-sep\" style=\"margin-left: auto;margin-right: auto;margin-bottom:20px;width:100%;\"><\/div><div class=\"fusion-sep-clear\"><\/div><div class=\"fusion-video fusion-youtube fusion-aligncenter\" style=\"max-width:1000px;max-height:600px; width:100%\"><div class=\"video-shortcode\"><iframe title=\"YouTube video player 1\" src=\"https:\/\/www.youtube.com\/embed\/OGaLj8wn5d0?wmode=transparent&autoplay=0\" width=\"1000\" height=\"600\" allowfullscreen allow=\"autoplay; fullscreen\"><\/iframe><\/div><\/div><div class=\"fusion-clearfix\"><\/div><\/div><\/div><\/div><\/div>\n","protected":false},"excerpt":{"rendered":"","protected":false},"author":2,"featured_media":0,"parent":58,"menu_order":0,"comment_status":"closed","ping_status":"closed","template":"100-width.php","meta":{"inline_featured_image":false},"_links":{"self":[{"href":"https:\/\/ort.cua.uam.mx\/index.php?rest_route=\/wp\/v2\/pages\/300"}],"collection":[{"href":"https:\/\/ort.cua.uam.mx\/index.php?rest_route=\/wp\/v2\/pages"}],"about":[{"href":"https:\/\/ort.cua.uam.mx\/index.php?rest_route=\/wp\/v2\/types\/page"}],"author":[{"embeddable":true,"href":"https:\/\/ort.cua.uam.mx\/index.php?rest_route=\/wp\/v2\/users\/2"}],"replies":[{"embeddable":true,"href":"https:\/\/ort.cua.uam.mx\/index.php?rest_route=%2Fwp%2Fv2%2Fcomments&post=300"}],"version-history":[{"count":51,"href":"https:\/\/ort.cua.uam.mx\/index.php?rest_route=\/wp\/v2\/pages\/300\/revisions"}],"predecessor-version":[{"id":1428,"href":"https:\/\/ort.cua.uam.mx\/index.php?rest_route=\/wp\/v2\/pages\/300\/revisions\/1428"}],"up":[{"embeddable":true,"href":"https:\/\/ort.cua.uam.mx\/index.php?rest_route=\/wp\/v2\/pages\/58"}],"wp:attachment":[{"href":"https:\/\/ort.cua.uam.mx\/index.php?rest_route=%2Fwp%2Fv2%2Fmedia&parent=300"}],"curies":[{"name":"wp","href":"https:\/\/api.w.org\/{rel}","templated":true}]}}